{"id":80,"date":"2023-11-04T20:41:51","date_gmt":"2023-11-04T20:41:51","guid":{"rendered":"https:\/\/cefarmadrid.com\/?page_id=80"},"modified":"2024-06-20T03:22:06","modified_gmt":"2024-06-20T03:22:06","slug":"inscripciones","status":"publish","type":"page","link":"https:\/\/cefarmadrid.com\/index.php\/inscripciones\/","title":{"rendered":"Inscripciones"},"content":{"rendered":"<p>[et_pb_section fb_built=\u00bb1&#8243; fullwidth=\u00bbon\u00bb _builder_version=\u00bb4.23&#8243; _module_preset=\u00bbdefault\u00bb background_image=\u00bbhttps:\/\/cefarmadrid.com\/wp-content\/uploads\/2023\/11\/Imagen-de-WhatsApp-2023-10-22-a-las-12.53.34_b6d7025c.jpg\u00bb global_colors_info=\u00bb{}\u00bb][et_pb_fullwidth_header title=\u00bb\u00a1Las inscripciones est\u00e1n abiertas!\u00bb text_orientation=\u00bbcenter\u00bb header_fullscreen=\u00bbon\u00bb _builder_version=\u00bb4.23.4&#8243; _module_preset=\u00bbdefault\u00bb title_font=\u00bbever looser||||||||\u00bb title_font_size=\u00bb63px\u00bb content_font=\u00bbCentury Gothic|600|||||||\u00bb content_text_align=\u00bbcenter\u00bb content_font_size=\u00bb16px\u00bb background_image=\u00bbhttps:\/\/cefarmadrid.com\/wp-content\/uploads\/2023\/11\/IMG_5955-scaled.jpg\u00bb parallax=\u00bbon\u00bb title_text_shadow_style=\u00bbpreset1&#8243; content_text_shadow_style=\u00bbpreset1&#8243; global_colors_info=\u00bb{}\u00bb]<\/p>\n<p style=\"text-align: center;\">No dudes en inscribirte a la primera academia de f\u00fabtol con metodolog\u00eda del f\u00fatbol espa\u00f1ol.<\/p>\n<p>[\/et_pb_fullwidth_header][\/et_pb_section][et_pb_section fb_built=\u00bb1&#8243; _builder_version=\u00bb4.23&#8243; _module_preset=\u00bbdefault\u00bb global_colors_info=\u00bb{}\u00bb][et_pb_row column_structure=\u00bb1_2,1_2&#8243; _builder_version=\u00bb4.23.1&#8243; _module_preset=\u00bbdefault\u00bb global_colors_info=\u00bb{}\u00bb][et_pb_column type=\u00bb1_2&#8243; _builder_version=\u00bb4.23.1&#8243; _module_preset=\u00bbdefault\u00bb global_colors_info=\u00bb{}\u00bb][et_pb_blurb title=\u00bbINFANTIL\u00bb image=\u00bbhttps:\/\/cefarmadrid.com\/wp-content\/uploads\/2023\/11\/IMG_5391-scaled.jpg\u00bb _builder_version=\u00bb4.23.4&#8243; _module_preset=\u00bbdefault\u00bb header_font=\u00bbever looser||||||||\u00bb header_text_align=\u00bbcenter\u00bb header_font_size=\u00bb23px\u00bb body_font=\u00bbCentury Gothic||||||||\u00bb body_text_align=\u00bbcenter\u00bb global_colors_info=\u00bb{}\u00bb]<\/p>\n<p>Una etapa de iniciaci\u00f3n total al f\u00fatbol. Aqu\u00ed se ubican ni\u00f1os y ni\u00f1as nacidos entre el 2015 y 2017 m\u00e1s jugadores(as) 2014\u2019s rezagados.<\/p>\n<p>[\/et_pb_blurb][et_pb_blurb title=\u00bbPRE-BENJAM\u00cdN\u00bb image=\u00bbhttps:\/\/cefarmadrid.com\/wp-content\/uploads\/2024\/01\/IMG_5010.png\u00bb _builder_version=\u00bb4.23.4&#8243; _module_preset=\u00bbdefault\u00bb header_font=\u00bbever looser||||||||\u00bb header_font_size=\u00bb23px\u00bb body_font=\u00bbCentury Gothic||||||||\u00bb text_orientation=\u00bbcenter\u00bb global_colors_info=\u00bb{}\u00bb]<\/p>\n<p>Una etapa de iniciaci\u00f3n al f\u00fatbol en fase m\u00e1s avanzada, donde jugadores y jugadoras ya tienen una comprensi\u00f3n b\u00e1sica del juego, dimensiones del campo, reglamento y otros factores cognitivos m\u00e1s. Esta etapa se centra en continuar trabajando aspectos individuales, pero con un acercamiento hacia lo t\u00e1ctico y colectivo. Aqu\u00ed se ubican ni\u00f1os y ni\u00f1as que nacieron entre 2013 y 2012, junto con 2014\u2019s m\u00e1s avanzados y 2011\u2019s m\u00e1s rezagados.<\/p>\n<p>[\/et_pb_blurb][et_pb_blurb title=\u00bbBENJAM\u00cdN\u00bb image=\u00bbhttps:\/\/cefarmadrid.com\/wp-content\/uploads\/2023\/11\/IMG_5651-scaled.jpg\u00bb _builder_version=\u00bb4.23.4&#8243; _module_preset=\u00bbdefault\u00bb header_font=\u00bbever looser||||||||\u00bb header_font_size=\u00bb23px\u00bb body_font=\u00bbCentury Gothic||||||||\u00bb text_orientation=\u00bbcenter\u00bb global_colors_info=\u00bb{}\u00bb]<\/p>\n<p>Etapa intermedia dentro de nuestro m\u00e9todo de formaci\u00f3n. Aqu\u00ed los jugadores(as) dejan de estar en una etapa de iniciaci\u00f3n para comenzar con su desarrollo futbol\u00edstico. Se ubican jugadores(as) nacidos en 2011 m\u00e1s 2012\u2019s destacados y 2010\u2019s rezagados. El enfoque del entrenamiento se vuelve m\u00e1s global, para abarcar <i>conceptos colectivos<\/i> sin dejar de lado los trabajos anal\u00edticos\/individuales.<\/p>\n<p>[\/et_pb_blurb][\/et_pb_column][et_pb_column type=\u00bb1_2&#8243; _builder_version=\u00bb4.23.1&#8243; _module_preset=\u00bbdefault\u00bb global_colors_info=\u00bb{}\u00bb][et_pb_blurb title=\u00bbJUVENIL\u00bb image=\u00bbhttps:\/\/cefarmadrid.com\/wp-content\/uploads\/2023\/11\/IMG_4371-scaled.jpg\u00bb _builder_version=\u00bb4.23.4&#8243; _module_preset=\u00bbdefault\u00bb header_font=\u00bbever looser||||||||\u00bb header_font_size=\u00bb23px\u00bb body_font=\u00bbCentury Gothic||||||||\u00bb text_orientation=\u00bbcenter\u00bb global_colors_info=\u00bb{}\u00bb]<\/p>\n<p>La etapa de mayor nivel dentro del club, compuesta por jugadores(as) nacidos entre el a\u00f1o 2006 y 2008 m\u00e1s 2009\u2019s avanzados y 2005\u2019s todav\u00eda sin club profesional (3ras o fuerzas b\u00e1sicas). Se busca especializar al jugador en los aspectos futbol\u00edsticos m\u00e1s avanzados y creando en conjunto con su equipo un FUTBOL VISTOZO, OFENSIVO y centrado en la obtenci\u00f3n del bal\u00f3n la mayor parte del tiempo de juego.<\/p>\n<p>[\/et_pb_blurb][et_pb_blurb title=\u00bbCADETE\u00bb image=\u00bbhttps:\/\/cefarmadrid.com\/wp-content\/uploads\/2023\/12\/IMG_6341.png\u00bb _builder_version=\u00bb4.23.4&#8243; _module_preset=\u00bbdefault\u00bb header_font=\u00bbever looser||||||||\u00bb header_font_size=\u00bb23px\u00bb body_font=\u00bbCentury Gothic||||||||\u00bb text_orientation=\u00bbcenter\u00bb global_colors_info=\u00bb{}\u00bb]<\/p>\n<p>Etapa de desarrollo en nivel m\u00e1s avanzado, acerc\u00e1ndose a la especializaci\u00f3n dentro del futbol. Aqu\u00ed se encuentran jugadores(as) nacidos en 2009 m\u00e1s los 2010\u2019s avanzados. Los trabajos son muy globales, buscando no solo desarrollar grandes habilidades individuales en ellos sino mejorando su capacidad para encontrar espacios, profundizar, ampliar el campo, tener un correcto posicionamiento defensivo y un estilo ofensivo claro.<\/p>\n<p>[\/et_pb_blurb][et_pb_blurb title=\u00bbVISOR\u00cdAS\u00bb image=\u00bbhttps:\/\/cefarmadrid.com\/wp-content\/uploads\/2023\/12\/IMG_6606-scaled.jpg\u00bb _builder_version=\u00bb4.23.4&#8243; _module_preset=\u00bbdefault\u00bb header_font=\u00bbever looser||||||||\u00bb header_font_size=\u00bb23px\u00bb body_font=\u00bbCentury Gothic||||||||\u00bb text_orientation=\u00bbcenter\u00bb global_colors_info=\u00bb{}\u00bb]<\/p>\n<p>Grupo exclusivo de jugadores(as) que entrenan con su categor\u00eda espec\u00edfica (Cadete, Benjam\u00edn o Juvenil) pero que est\u00e1n pr\u00e1cticamente listos(as) para dar el paso a un club profesional (3ras divisiones o fuerzas b\u00e1sicas).<\/p>\n<p>[\/et_pb_blurb][\/et_pb_column][\/et_pb_row][\/et_pb_section][et_pb_section fb_built=\u00bb1&#8243; _builder_version=\u00bb4.24.0&#8243; _module_preset=\u00bbdefault\u00bb background_color=\u00bb#1d2849&#8243; global_colors_info=\u00bb{}\u00bb][et_pb_row column_structure=\u00bb1_2,1_2&#8243; _builder_version=\u00bb4.23.4&#8243; _module_preset=\u00bbdefault\u00bb global_colors_info=\u00bb{}\u00bb][et_pb_column type=\u00bb1_2&#8243; _builder_version=\u00bb4.23.1&#8243; _module_preset=\u00bbdefault\u00bb global_colors_info=\u00bb{}\u00bb][et_pb_text _builder_version=\u00bb4.24.0&#8243; _module_preset=\u00bbdefault\u00bb text_font=\u00bbever looser||||||||\u00bb text_text_color=\u00bb#FFFFFF\u00bb text_font_size=\u00bb40px\u00bb text_orientation=\u00bbcenter\u00bb animation_style=\u00bbslide\u00bb animation_direction=\u00bbleft\u00bb text_line_height_tablet=\u00bb\u00bb text_line_height_phone=\u00bb1.8em\u00bb text_line_height_last_edited=\u00bbon|phone\u00bb global_colors_info=\u00bb{}\u00bb]<\/p>\n<p>Entrenamiento para porteros<\/p>\n<p>[\/et_pb_text][et_pb_text _builder_version=\u00bb4.24.0&#8243; _module_preset=\u00bbdefault\u00bb text_font=\u00bbCentury Gothic||||||||\u00bb text_text_color=\u00bb#FFFFFF\u00bb text_font_size=\u00bb19px\u00bb animation_style=\u00bbslide\u00bb animation_direction=\u00bbleft\u00bb global_colors_info=\u00bb{}\u00bb]<\/p>\n<p style=\"text-align: justify;\">Trabajamos desde los aspectos b\u00e1sicos para jugadores y jugadoras que est\u00e1n iniciando en la porter\u00eda hasta aspectos avanzados para porteros mayores y en etapa de especializaci\u00f3n. <strong>El entrenamiento es realizado por un exportero profesional<\/strong>, el D.T. Manuel Meza.<\/p>\n<p>[\/et_pb_text][\/et_pb_column][et_pb_column type=\u00bb1_2&#8243; _builder_version=\u00bb4.23.1&#8243; _module_preset=\u00bbdefault\u00bb global_colors_info=\u00bb{}\u00bb][et_pb_image src=\u00bbhttps:\/\/cefarmadrid.com\/wp-content\/uploads\/2023\/12\/IMG_2881-1-scaled.jpg\u00bb title_text=\u00bbIMG_2881 (1)\u00bb _builder_version=\u00bb4.23.1&#8243; _module_preset=\u00bbdefault\u00bb animation_style=\u00bbslide\u00bb animation_direction=\u00bbright\u00bb box_shadow_style=\u00bbpreset2&#8243; global_colors_info=\u00bb{}\u00bb][\/et_pb_image][\/et_pb_column][\/et_pb_row][\/et_pb_section][et_pb_section fb_built=\u00bb1&#8243; _builder_version=\u00bb4.24.0&#8243; _module_preset=\u00bbdefault\u00bb global_colors_info=\u00bb{}\u00bb][et_pb_row _builder_version=\u00bb4.24.0&#8243; _module_preset=\u00bbdefault\u00bb global_colors_info=\u00bb{}\u00bb][et_pb_column type=\u00bb4_4&#8243; _builder_version=\u00bb4.24.0&#8243; _module_preset=\u00bbdefault\u00bb global_colors_info=\u00bb{}\u00bb][et_pb_text _builder_version=\u00bb4.25.2&#8243; _module_preset=\u00bbdefault\u00bb text_font=\u00bbever looser||||||||\u00bb text_text_color=\u00bb#1d2849&#8243; text_font_size=\u00bb40px\u00bb animation_style=\u00bbslide\u00bb hover_enabled=\u00bb0&#8243; global_colors_info=\u00bb{}\u00bb text_letter_spacing_last_edited=\u00bbon|phone\u00bb text_letter_spacing_phone=\u00bb0px\u00bb text_line_height_last_edited=\u00bbon|phone\u00bb text_line_height_phone=\u00bb1.8em\u00bb sticky_enabled=\u00bb0&#8243;]<\/p>\n<p style=\"text-align: center;\">\u00bfPor qu\u00e9 elegir CEFAR Madrid?<\/p>\n<p>[\/et_pb_text][\/et_pb_column][\/et_pb_row][\/et_pb_section][et_pb_section fb_built=\u00bb1&#8243; _builder_version=\u00bb4.24.0&#8243; _module_preset=\u00bbdefault\u00bb background_color=\u00bb#1d2849&#8243; global_colors_info=\u00bb{}\u00bb][et_pb_row _builder_version=\u00bb4.24.0&#8243; _module_preset=\u00bbdefault\u00bb global_colors_info=\u00bb{}\u00bb][et_pb_column type=\u00bb4_4&#8243; _builder_version=\u00bb4.24.0&#8243; _module_preset=\u00bbdefault\u00bb global_colors_info=\u00bb{}\u00bb][et_pb_text _builder_version=\u00bb4.24.0&#8243; _module_preset=\u00bbdefault\u00bb text_font=\u00bbCentury Gothic||||||||\u00bb text_text_color=\u00bb#FFFFFF\u00bb text_font_size=\u00bb18px\u00bb animation_style=\u00bbslide\u00bb animation_direction=\u00bbleft\u00bb global_colors_info=\u00bb{}\u00bb]<\/p>\n<p style=\"text-align: justify;\">\u2022 Formaci\u00f3n con metodolog\u00eda centrada en el <strong>uso del bal\u00f3n 95% del tiempo<\/strong>, creando jugadores m\u00e1s creativos y con mayor visi\u00f3n de campo<br \/>\u2022 Entrenamientos con <strong>grupos controlados<\/strong> por categor\u00eda (m\u00e1ximo 20 jugadores)<br \/>\u2022 <strong>Instalaciones de pasto natural<\/strong>, lo que evita desgaste de articulaciones de jugadores(as)<br \/>\u2022 <strong>Sistema de competencia<\/strong> donde juegan jugadores(as) que son constantes y disciplinados<br \/>\u2022 <strong>Seguro contra accidentes<\/strong> que puede ser adquirido en su inscripci\u00f3n<br \/>\u2022 <strong>Uniformes originales<\/strong>, con dise\u00f1o \u00fanico y personalizados<br \/>\u2022 \u201c<strong>Valores<\/strong>\u201d como parte fundamental de la formaci\u00f3n<\/p>\n<p>[\/et_pb_text][\/et_pb_column][\/et_pb_row][\/et_pb_section][et_pb_section fb_built=\u00bb1&#8243; _builder_version=\u00bb4.24.0&#8243; _module_preset=\u00bbdefault\u00bb global_colors_info=\u00bb{}\u00bb][et_pb_row column_structure=\u00bb1_2,1_2&#8243; _builder_version=\u00bb4.24.0&#8243; _module_preset=\u00bbdefault\u00bb global_colors_info=\u00bb{}\u00bb][et_pb_column type=\u00bb1_2&#8243; _builder_version=\u00bb4.24.0&#8243; _module_preset=\u00bbdefault\u00bb global_colors_info=\u00bb{}\u00bb][et_pb_image src=\u00bbhttps:\/\/cefarmadrid.com\/wp-content\/uploads\/2024\/01\/IMG_2887-1-1-scaled.jpg\u00bb title_text=\u00bbIMG_2887 (1)\u00bb _builder_version=\u00bb4.24.0&#8243; _module_preset=\u00bbdefault\u00bb width=\u00bb100%\u00bb animation_style=\u00bbslide\u00bb animation_direction=\u00bbleft\u00bb global_colors_info=\u00bb{}\u00bb][\/et_pb_image][\/et_pb_column][et_pb_column type=\u00bb1_2&#8243; _builder_version=\u00bb4.24.0&#8243; _module_preset=\u00bbdefault\u00bb global_colors_info=\u00bb{}\u00bb][et_pb_text _builder_version=\u00bb4.24.0&#8243; _module_preset=\u00bbdefault\u00bb text_font=\u00bbCentury Gothic||||||||\u00bb text_font_size=\u00bb19px\u00bb custom_margin=\u00bb175px|||||\u00bb animation_style=\u00bbslide\u00bb animation_direction=\u00bbright\u00bb global_colors_info=\u00bb{}\u00bb]<\/p>\n<p>Las damas que forman parte de CEFAR MADRID entrenan en conjuntos con los varones, esto incrementa su potencial y mejora sus habilidades en competencia.<\/p>\n<p>[\/et_pb_text][\/et_pb_column][\/et_pb_row][\/et_pb_section][et_pb_section fb_built=\u00bb1&#8243; _builder_version=\u00bb4.23.4&#8243; _module_preset=\u00bbdefault\u00bb global_colors_info=\u00bb{}\u00bb][et_pb_row column_structure=\u00bb1_2,1_2&#8243; _builder_version=\u00bb4.23&#8243; _module_preset=\u00bbdefault\u00bb global_colors_info=\u00bb{}\u00bb][et_pb_column type=\u00bb1_2&#8243; _builder_version=\u00bb4.23&#8243; _module_preset=\u00bbdefault\u00bb global_colors_info=\u00bb{}\u00bb][et_pb_circle_counter title=\u00bb\u00a1M\u00e1s de 100 alumnos inscritos!\u00bb number=\u00bb105&#8243; percent_sign=\u00bboff\u00bb _builder_version=\u00bb4.23.4&#8243; _module_preset=\u00bbdefault\u00bb title_font=\u00bbCentury Gothic||||||||\u00bb title_font_size=\u00bb25px\u00bb background_color=\u00bbRGBA(255,255,255,0)\u00bb custom_margin=\u00bb80px|auto|30px|auto|false|false\u00bb global_colors_info=\u00bb{}\u00bb][\/et_pb_circle_counter][\/et_pb_column][et_pb_column type=\u00bb1_2&#8243; _builder_version=\u00bb4.23&#8243; _module_preset=\u00bbdefault\u00bb global_colors_info=\u00bb{}\u00bb][et_pb_contact_form captcha=\u00bboff\u00bb email=\u00bbadministrador1@cefarmadrid.com\u00bb title=\u00bb\u00a1Solicita informaci\u00f3n!\u00bb custom_message=\u00bb%%Nombre%%||et_pb_line_break_holder||||et_pb_line_break_holder||%%Email%%||et_pb_line_break_holder||||et_pb_line_break_holder||%%Tel\u00e9fono%%||et_pb_line_break_holder||||et_pb_line_break_holder||%%Message%%\u00bb success_message=\u00bbGracias por tu inter\u00e9s, pronto te contactaremos\u00bb _builder_version=\u00bb4.23.4&#8243; _module_preset=\u00bbdefault\u00bb _unique_id=\u00bbd0cdda5b-166c-48bd-b0d5-aa9d1bd20d1e\u00bb form_field_custom_margin=\u00bb||0px||false|false\u00bb title_font=\u00bbCentury Gothic|600|||||||\u00bb title_text_align=\u00bbcenter\u00bb title_text_color=\u00bb#FFFFFF\u00bb title_font_size=\u00bb40px\u00bb title_line_height=\u00bb1.5em\u00bb form_field_font_size=\u00bb14px\u00bb background_color=\u00bb#1d2849&#8243; custom_button=\u00bbon\u00bb button_text_size=\u00bb22px\u00bb button_text_color=\u00bb#FFFFFF\u00bb button_bg_color=\u00bb#dba627&#8243; button_border_width=\u00bb0px\u00bb button_border_radius=\u00bb45px\u00bb button_use_icon=\u00bboff\u00bb custom_margin=\u00bb|0px|0px|0px|false|true\u00bb custom_padding=\u00bb16px|8px|16px|8px|true|true\u00bb border_radii=\u00bbon|8px|8px|8px|8px\u00bb border_width_all=\u00bb10px\u00bb border_color_all=\u00bb#1d2849&#8243; global_colors_info=\u00bb{}\u00bb][et_pb_contact_field field_id=\u00bbNombre\u00bb field_title=\u00bbNombre\u00bb allowed_symbols=\u00bbletters\u00bb _builder_version=\u00bb4.23&#8243; global_colors_info=\u00bb{}\u00bb button_text_size__hover_enabled=\u00bboff\u00bb button_one_text_size__hover_enabled=\u00bboff\u00bb button_two_text_size__hover_enabled=\u00bboff\u00bb button_text_color__hover_enabled=\u00bboff\u00bb button_one_text_color__hover_enabled=\u00bboff\u00bb button_two_text_color__hover_enabled=\u00bboff\u00bb button_border_width__hover_enabled=\u00bboff\u00bb button_one_border_width__hover_enabled=\u00bboff\u00bb button_two_border_width__hover_enabled=\u00bboff\u00bb button_border_color__hover_enabled=\u00bboff\u00bb button_one_border_color__hover_enabled=\u00bboff\u00bb button_two_border_color__hover_enabled=\u00bboff\u00bb button_border_radius__hover_enabled=\u00bboff\u00bb button_one_border_radius__hover_enabled=\u00bboff\u00bb button_two_border_radius__hover_enabled=\u00bboff\u00bb button_letter_spacing__hover_enabled=\u00bboff\u00bb button_one_letter_spacing__hover_enabled=\u00bboff\u00bb button_two_letter_spacing__hover_enabled=\u00bboff\u00bb button_bg_color__hover_enabled=\u00bboff\u00bb button_one_bg_color__hover_enabled=\u00bboff\u00bb button_two_bg_color__hover_enabled=\u00bboff\u00bb][\/et_pb_contact_field][et_pb_contact_field field_id=\u00bbEmail\u00bb field_title=\u00bbemail\u00bb field_type=\u00bbemail\u00bb _builder_version=\u00bb4.23&#8243; global_colors_info=\u00bb{}\u00bb button_text_size__hover_enabled=\u00bboff\u00bb button_one_text_size__hover_enabled=\u00bboff\u00bb button_two_text_size__hover_enabled=\u00bboff\u00bb button_text_color__hover_enabled=\u00bboff\u00bb button_one_text_color__hover_enabled=\u00bboff\u00bb button_two_text_color__hover_enabled=\u00bboff\u00bb button_border_width__hover_enabled=\u00bboff\u00bb button_one_border_width__hover_enabled=\u00bboff\u00bb button_two_border_width__hover_enabled=\u00bboff\u00bb button_border_color__hover_enabled=\u00bboff\u00bb button_one_border_color__hover_enabled=\u00bboff\u00bb button_two_border_color__hover_enabled=\u00bboff\u00bb button_border_radius__hover_enabled=\u00bboff\u00bb button_one_border_radius__hover_enabled=\u00bboff\u00bb button_two_border_radius__hover_enabled=\u00bboff\u00bb button_letter_spacing__hover_enabled=\u00bboff\u00bb button_one_letter_spacing__hover_enabled=\u00bboff\u00bb button_two_letter_spacing__hover_enabled=\u00bboff\u00bb button_bg_color__hover_enabled=\u00bboff\u00bb button_one_bg_color__hover_enabled=\u00bboff\u00bb button_two_bg_color__hover_enabled=\u00bboff\u00bb][\/et_pb_contact_field][et_pb_contact_field field_id=\u00bbTel\u00e9fono\u00bb field_title=\u00bbTel\u00e9fono\u00bb allowed_symbols=\u00bbnumbers\u00bb fullwidth_field=\u00bbon\u00bb _builder_version=\u00bb4.23&#8243; _module_preset=\u00bbdefault\u00bb global_colors_info=\u00bb{}\u00bb][\/et_pb_contact_field][et_pb_contact_field field_id=\u00bbMessage\u00bb field_title=\u00bbMensaje\u00bb field_type=\u00bbtext\u00bb fullwidth_field=\u00bbon\u00bb _builder_version=\u00bb4.16&#8243; global_colors_info=\u00bb{}\u00bb button_text_size__hover_enabled=\u00bboff\u00bb button_one_text_size__hover_enabled=\u00bboff\u00bb button_two_text_size__hover_enabled=\u00bboff\u00bb button_text_color__hover_enabled=\u00bboff\u00bb button_one_text_color__hover_enabled=\u00bboff\u00bb button_two_text_color__hover_enabled=\u00bboff\u00bb button_border_width__hover_enabled=\u00bboff\u00bb button_one_border_width__hover_enabled=\u00bboff\u00bb button_two_border_width__hover_enabled=\u00bboff\u00bb button_border_color__hover_enabled=\u00bboff\u00bb button_one_border_color__hover_enabled=\u00bboff\u00bb button_two_border_color__hover_enabled=\u00bboff\u00bb button_border_radius__hover_enabled=\u00bboff\u00bb button_one_border_radius__hover_enabled=\u00bboff\u00bb button_two_border_radius__hover_enabled=\u00bboff\u00bb button_letter_spacing__hover_enabled=\u00bboff\u00bb button_one_letter_spacing__hover_enabled=\u00bboff\u00bb button_two_letter_spacing__hover_enabled=\u00bboff\u00bb button_bg_color__hover_enabled=\u00bboff\u00bb button_one_bg_color__hover_enabled=\u00bboff\u00bb button_two_bg_color__hover_enabled=\u00bboff\u00bb][\/et_pb_contact_field][\/et_pb_contact_form][\/et_pb_column][\/et_pb_row][\/et_pb_section]<\/p>\n","protected":false},"excerpt":{"rendered":"<p>No dudes en inscribirte a la primera academia de f\u00fabtol con metodolog\u00eda del f\u00fatbol espa\u00f1ol.Una etapa de iniciaci\u00f3n total al f\u00fatbol. Aqu\u00ed se ubican ni\u00f1os y ni\u00f1as nacidos entre el 2015 y 2017 m\u00e1s jugadores(as) 2014\u2019s rezagados.Una etapa de iniciaci\u00f3n al f\u00fatbol en fase m\u00e1s avanzada, donde jugadores y jugadoras ya tienen una comprensi\u00f3n b\u00e1sica [&hellip;]<\/p>\n","protected":false},"author":1,"featured_media":0,"parent":0,"menu_order":0,"comment_status":"closed","ping_status":"closed","template":"","meta":{"_et_pb_use_builder":"on","_et_pb_old_content":"","_et_gb_content_width":"","_joinchat":[],"footnotes":""},"class_list":["post-80","page","type-page","status-publish","hentry"],"_links":{"self":[{"href":"https:\/\/cefarmadrid.com\/index.php\/wp-json\/wp\/v2\/pages\/80","targetHints":{"allow":["GET"]}}],"collection":[{"href":"https:\/\/cefarmadrid.com\/index.php\/wp-json\/wp\/v2\/pages"}],"about":[{"href":"https:\/\/cefarmadrid.com\/index.php\/wp-json\/wp\/v2\/types\/page"}],"author":[{"embeddable":true,"href":"https:\/\/cefarmadrid.com\/index.php\/wp-json\/wp\/v2\/users\/1"}],"replies":[{"embeddable":true,"href":"https:\/\/cefarmadrid.com\/index.php\/wp-json\/wp\/v2\/comments?post=80"}],"version-history":[{"count":19,"href":"https:\/\/cefarmadrid.com\/index.php\/wp-json\/wp\/v2\/pages\/80\/revisions"}],"predecessor-version":[{"id":325,"href":"https:\/\/cefarmadrid.com\/index.php\/wp-json\/wp\/v2\/pages\/80\/revisions\/325"}],"wp:attachment":[{"href":"https:\/\/cefarmadrid.com\/index.php\/wp-json\/wp\/v2\/media?parent=80"}],"curies":[{"name":"wp","href":"https:\/\/api.w.org\/{rel}","templated":true}]}}